{"id":103,"date":"2025-09-23T16:34:06","date_gmt":"2025-09-23T21:34:06","guid":{"rendered":"https:\/\/estamosaquishl.coerll.utexas.edu\/?page_id=103"},"modified":"2025-09-23T16:34:06","modified_gmt":"2025-09-23T21:34:06","slug":"introduccion-y-objetivos","status":"publish","type":"page","link":"https:\/\/estamosaquishl.org\/en\/introduccion-y-objetivos\/","title":{"rendered":"Introduction and Goals"},"content":{"rendered":"<p>Este libro est\u00e1 dirigido a estudiantes que son hablantes de herencia de espa\u00f1ol en los Estados Unidos, y que se ubican en el nivel intermedio, aunque el dise\u00f1o flexible del texto permite adaptarlo a niveles m\u00e1s bajos o m\u00e1s altos de competencia biling\u00fce. El eje que articula este texto es el estudio de las comunidades hispanas\/latinas en las principales regiones geogr\u00e1ficas de los Estados Unidos, enfocado en explorar la historia, la riqueza ling\u00fc\u00edstica, social y cultural, as\u00ed como la complejidad de las identidades multiculturales de los latinos\/hispanos en este pa\u00eds.<\/p>\n\n\n\n<p>Nuestros objetivos principales incluyen:<\/p>\n\n\n\n<ul class=\"wp-block-list is-style-tw-checkmark\">\n<li>Ofrecer a los estudiantes perspectivas cr\u00edticas e hist\u00f3ricas sobre el papel de las comunidades latinas\/hispanas y sus contribuciones en diversos contextos dentro de los Estados Unidos.<\/li>\n\n\n\n<li>Promover la competencia biling\u00fce mientras se les brinda herramientas para cuestionar ideolog\u00edas que afectan sus identidades etnoling\u00fc\u00edsticas.<\/li>\n\n\n\n<li>Reconocer y valorar los aspectos transformadores del idioma espa\u00f1ol y de las culturas latinas\/hispanas en el nivel local, nacional y transnacional.<\/li>\n<\/ul>\n\n\n\n<p>El contenido del libro est\u00e1 organizado a partir de la divisi\u00f3n regional propuesta por la Oficina del Censo de los Estados Unidos (<a href=\"https:\/\/www.census.gov\/programs-surveys\/economic-census\/guidance-geographies\/levels.html#par_textimage_34\" target=\"_blank\" rel=\"noreferrer noopener\">Geographic levels, 2021<\/a>). Estas incluyen: <em>Southeast, Southeast Central, West South Central, Southwest, Northeast, East Northcentral, West Northcentral, Mountain, Pacific <\/em>y <em>Puerto Rico <\/em>(PR). Aunque algunos revisores sugirieron organizar las regiones con criterios hist\u00f3ricos, optamos utilizar como base las regiones de la Oficina del Censo para garantizar una representaci\u00f3n equitativa de las diversas comunidades hispanas\/latinas de cada regi\u00f3n, sin jerarquizar un determinado estado o \u00e1rea geogr\u00e1fica particular.<\/p>","protected":false},"excerpt":{"rendered":"<p>Este libro est\u00e1 dirigido a estudiantes que son hablantes de herencia de espa\u00f1ol en los Estados Unidos, y que se ubican en el nivel intermedio, aunque el dise\u00f1o flexible del texto permite adaptarlo a niveles m\u00e1s bajos o m\u00e1s altos de competencia biling\u00fce. El eje que articula este texto es el estudio de las comunidades [&hellip;]<\/p>\n","protected":false},"author":3,"featured_media":0,"parent":0,"menu_order":0,"comment_status":"closed","ping_status":"closed","template":"","meta":{"footnotes":""},"class_list":["post-103","page","type-page","status-publish","hentry"],"_links":{"self":[{"href":"https:\/\/estamosaquishl.org\/en\/wp-json\/wp\/v2\/pages\/103","targetHints":{"allow":["GET"]}}],"collection":[{"href":"https:\/\/estamosaquishl.org\/en\/wp-json\/wp\/v2\/pages"}],"about":[{"href":"https:\/\/estamosaquishl.org\/en\/wp-json\/wp\/v2\/types\/page"}],"author":[{"embeddable":true,"href":"https:\/\/estamosaquishl.org\/en\/wp-json\/wp\/v2\/users\/3"}],"replies":[{"embeddable":true,"href":"https:\/\/estamosaquishl.org\/en\/wp-json\/wp\/v2\/comments?post=103"}],"version-history":[{"count":1,"href":"https:\/\/estamosaquishl.org\/en\/wp-json\/wp\/v2\/pages\/103\/revisions"}],"predecessor-version":[{"id":104,"href":"https:\/\/estamosaquishl.org\/en\/wp-json\/wp\/v2\/pages\/103\/revisions\/104"}],"wp:attachment":[{"href":"https:\/\/estamosaquishl.org\/en\/wp-json\/wp\/v2\/media?parent=103"}],"curies":[{"name":"wp","href":"https:\/\/api.w.org\/{rel}","templated":true}]}}