{"id":13,"date":"2025-09-17T19:34:44","date_gmt":"2025-09-17T19:34:44","guid":{"rendered":"https:\/\/estamosaquishl.coerll.utexas.edu\/?page_id=13"},"modified":"2026-02-23T11:22:10","modified_gmt":"2026-02-23T17:22:10","slug":"primeros-pasos","status":"publish","type":"page","link":"https:\/\/estamosaquishl.org\/en\/primeros-pasos\/","title":{"rendered":"For Instructors"},"content":{"rendered":"<p>Thank you for your interest in our textbook. In the following document you can find a description of the book\u2019s modular design, explanations of the different sections, advice for instructors, and other details that can help you use and adapt the book for your classes:<\/p>\n\n\n\n<div class=\"wp-block-buttons is-content-justification-center is-layout-flex wp-container-core-buttons-is-layout-a89b3969 wp-block-buttons-is-layout-flex\">\n<div class=\"wp-block-button\"><a class=\"wp-block-button__link has-accent-6-background-color has-background wp-element-button\" href=\"https:\/\/docs.google.com\/document\/d\/1Ljr7kHQqF3xcGBAb-cAEnfvcK83LeMjnCBhgEt3hMzo\/edit?tab=t.0#heading=h.16obaltzcjci\" style=\"border-top-left-radius:18px;border-top-right-radius:18px;border-bottom-left-radius:18px;border-bottom-right-radius:18px\" target=\"_blank\" rel=\"noreferrer noopener\">Information for Instructors<\/a><\/div>\n<\/div>\n\n\n\n<p>If you would like to have access to the answer keys and other useful resources, and to be updated about new versions of the book, please complete the following form:<\/p>\n\n\n\n<div class=\"wp-block-group has-global-padding is-layout-constrained wp-container-core-group-is-layout-21deba94 wp-block-group-is-layout-constrained\">\n<div class=\"wp-block-group has-background has-global-padding is-layout-constrained wp-block-group-is-layout-constrained\" style=\"background-color:#ffffff\">\n<iframe loading=\"lazy\" src=\"https:\/\/docs.google.com\/forms\/d\/e\/1FAIpQLSd5vuz_-xQR1U77sHb6U4hvX1cLq2I97pZQ9kunOmWoTijAvQ\/viewform?embedded=true\" width=\"640\" height=\"800\" frameborder=\"0\" marginheight=\"0\" marginwidth=\"0\">Loading\u2026<\/iframe>\n<\/div>\n<\/div>\n\n\n\n<p>To conclude, we would appreciate any comments or suggestions. If you would like to communicate with the authors, you can write to us at <a href=\"mailto:estamosaquishl@gmail.com\">estamosaquishl@gmail.com<\/a>.<\/p>","protected":false},"excerpt":{"rendered":"<p>Gracias por su inter\u00e9s en nuestro libro de texto. En el siguiente documento podr\u00e1 encontrar una descripci\u00f3n del dise\u00f1o modular del libro, explicaciones sobre las diferentes secciones, consejos para implementar los componentes y otros detalles que podr\u00e1n ayudarlo a utilizar y adaptar el libro para sus clases: Si desea obtener acceso a hojas de respuestas [&hellip;]<\/p>\n","protected":false},"author":3,"featured_media":0,"parent":0,"menu_order":0,"comment_status":"closed","ping_status":"closed","template":"","meta":{"footnotes":""},"class_list":["post-13","page","type-page","status-publish","hentry"],"_links":{"self":[{"href":"https:\/\/estamosaquishl.org\/en\/wp-json\/wp\/v2\/pages\/13","targetHints":{"allow":["GET"]}}],"collection":[{"href":"https:\/\/estamosaquishl.org\/en\/wp-json\/wp\/v2\/pages"}],"about":[{"href":"https:\/\/estamosaquishl.org\/en\/wp-json\/wp\/v2\/types\/page"}],"author":[{"embeddable":true,"href":"https:\/\/estamosaquishl.org\/en\/wp-json\/wp\/v2\/users\/3"}],"replies":[{"embeddable":true,"href":"https:\/\/estamosaquishl.org\/en\/wp-json\/wp\/v2\/comments?post=13"}],"version-history":[{"count":16,"href":"https:\/\/estamosaquishl.org\/en\/wp-json\/wp\/v2\/pages\/13\/revisions"}],"predecessor-version":[{"id":1097,"href":"https:\/\/estamosaquishl.org\/en\/wp-json\/wp\/v2\/pages\/13\/revisions\/1097"}],"wp:attachment":[{"href":"https:\/\/estamosaquishl.org\/en\/wp-json\/wp\/v2\/media?parent=13"}],"curies":[{"name":"wp","href":"https:\/\/api.w.org\/{rel}","templated":true}]}}